{"id":571,"date":"2024-04-01T12:27:30","date_gmt":"2024-04-01T17:27:30","guid":{"rendered":"https:\/\/imarensa.com\/wp4\/?post_type=product&#038;p=571"},"modified":"2025-05-01T19:05:04","modified_gmt":"2025-05-02T00:05:04","slug":"mecha-o-pabilo-con-alma-venta-por-metros","status":"publish","type":"product","link":"https:\/\/imarensa.com\/wp4\/producto\/mecha-o-pabilo-con-alma-venta-por-metros\/","title":{"rendered":"Mecha o pabilo con Alma, venta por metros"},"content":{"rendered":"","protected":false},"excerpt":{"rendered":"<p>Mecha o Pabilo de algod\u00f3n con n\u00facleo met\u00e1lico (alma) especial que se extingue en el calor, ideal para que sus pabilos queden rectos o para velas especiales con formas, elaborado en Estados Unidos. no viene parafinado.<\/p>\n","protected":false},"featured_media":2706,"template":"","meta":[],"product_brand":[],"product_cat":[34,37],"product_tag":[36],"class_list":{"0":"post-571","1":"product","2":"type-product","3":"status-publish","4":"has-post-thumbnail","6":"product_cat-manualidades","7":"product_cat-velas","8":"product_tag-velas","10":"first","11":"instock","12":"shipping-taxable","13":"purchasable","14":"product-type-variable"},"_links":{"self":[{"href":"https:\/\/imarensa.com\/wp4\/wp-json\/wp\/v2\/product\/571","targetHints":{"allow":["GET"]}}],"collection":[{"href":"https:\/\/imarensa.com\/wp4\/wp-json\/wp\/v2\/product"}],"about":[{"href":"https:\/\/imarensa.com\/wp4\/wp-json\/wp\/v2\/types\/product"}],"wp:featuredmedia":[{"embeddable":true,"href":"https:\/\/imarensa.com\/wp4\/wp-json\/wp\/v2\/media\/2706"}],"wp:attachment":[{"href":"https:\/\/imarensa.com\/wp4\/wp-json\/wp\/v2\/media?parent=571"}],"wp:term":[{"taxonomy":"product_brand","embeddable":true,"href":"https:\/\/imarensa.com\/wp4\/wp-json\/wp\/v2\/product_brand?post=571"},{"taxonomy":"product_cat","embeddable":true,"href":"https:\/\/imarensa.com\/wp4\/wp-json\/wp\/v2\/product_cat?post=571"},{"taxonomy":"product_tag","embeddable":true,"href":"https:\/\/imarensa.com\/wp4\/wp-json\/wp\/v2\/product_tag?post=571"}],"curies":[{"name":"wp","href":"https:\/\/api.w.org\/{rel}","templated":true}]}}