{"id":3221,"date":"2026-01-30T12:53:03","date_gmt":"2026-01-30T17:53:03","guid":{"rendered":"https:\/\/imarensa.com\/wp4\/?post_type=product&#038;p=3221"},"modified":"2026-01-30T12:53:55","modified_gmt":"2026-01-30T17:53:55","slug":"integrado-sn65hvd230dr-vp230-sop-8","status":"publish","type":"product","link":"https:\/\/imarensa.com\/wp4\/producto\/integrado-sn65hvd230dr-vp230-sop-8\/","title":{"rendered":"Integrado SN65HVD230DR  VP230 SOP 8"},"content":{"rendered":"","protected":false},"excerpt":{"rendered":"<div class=\"Y3BBE\" data-sfc-cp=\"\" data-hveid=\"CAEQAA\" data-processed=\"true\">\n<div data-subtree=\"aimfl,mfl\" data-processed=\"true\">El integrado VP230 (<\/div>\n<p><a class=\"GI370e\" href=\"https:\/\/www.google.com\/search?client=firefox-b-d&amp;hs=BFGp&amp;sca_esv=b7582afb3eadf454&amp;sxsrf=ANbL-n5yaMup8CcPadWHvg0ffhktKcFyAQ%3A1769795596630&amp;q=SN65HVD230&amp;source=lnms&amp;fbs=ADc_l-bpk8W4E-qsVlOvbGJcDwpn60DczFdcvPnuv8WQohHLTa-EmKihfPCcL-IqUf21OsLY7cCw8Ez2qX_biVi_XLtweYNgiSwoTH2GBtpn0iTD3I2Z6Ex0jPIv3f-n7HRcNBOiphWMUkExSnT5w4Ft0nr-sfrKEuDB_f8AyePb8bm_wYmCYPSclVQLnt5Mn7QghS7dAt7dzFCXvSEKexk89q7hI7E2aQ&amp;sa=X&amp;ved=2ahUKEwjh2syw6rOSAxUZRzABHXJdLWkQgK4QegQIARAB&amp;biw=1280&amp;bih=881&amp;dpr=1&amp;aic=0&amp;mstk=AUtExfCQmy2w6Q3mvh90ohpaGi8mJEwnkef-yS8PtK3WusN_6TsMyvrr8nE2uDVLOxbRokzqDVhAaQmZ4-gprYFMQut6jcf25Ernkh7KstSd8JEHFjYNeXl-BW-A72twMtyYaXDOV6ISFvAKi_UZxEh0DVKVhIDlkjRD8zKhO9LlnG1XxbwQj_vcCjrFuEzzDQ31yRaEuFmS3J7EeeEwg74UQOBIcg&amp;csui=3\" data-ved=\"2ahUKEwjh2syw6rOSAxUZRzABHXJdLWkQgK4QegQIARAB\" data-hveid=\"CAEQAQ\" data-processed=\"true\">SN65HVD230<\/a>) es un transceptor de bus CAN de alta velocidad y 3.3V, dise\u00f1ado para automatizaci\u00f3n industrial y rob\u00f3tica. Compatible con el est\u00e1ndar ISO 11898-2, permite hasta 120 nodos en un bus, operando a velocidades de hasta 1 Mbps con protecci\u00f3n ESD de $\\pm$16 kV y bajo consumo energ\u00e9tico.<span class=\"uJ19be notranslate\" data-wiz-uids=\"kOPdAc_c,kOPdAc_d\" data-processed=\"true\"><span class=\"vKEkVd\" data-animation-atomic=\"\" data-wiz-attrbind=\"class=kOPdAc_b\/TKHnVd\" data-processed=\"true\">\u00a0<\/span><\/span><\/div>\n<div class=\"Y3BBE\" data-sfc-cp=\"\" data-hveid=\"CAIQAA\" data-processed=\"true\"><strong class=\"Yjhzub\" data-processed=\"true\">Caracter\u00edsticas Principales:<\/strong><\/div>\n<ul class=\"KsbFXc U6u95\" data-processed=\"true\">\n<li data-hveid=\"CAMQAA\" data-processed=\"true\"><span class=\"T286Pc\" data-sfc-cp=\"\" data-processed=\"true\"><strong class=\"Yjhzub\" data-processed=\"true\">Tensi\u00f3n de alimentaci\u00f3n:<\/strong> Opera a 3.3 VDC.<\/span><\/li>\n<li data-hveid=\"CAMQAQ\" data-processed=\"true\"><span class=\"T286Pc\" data-sfc-cp=\"\" data-processed=\"true\"><strong class=\"Yjhzub\" data-processed=\"true\">Velocidad de datos:<\/strong> Hasta 1 Mbps.<\/span><\/li>\n<li data-hveid=\"CAMQAg\" data-processed=\"true\"><span class=\"T286Pc\" data-sfc-cp=\"\" data-processed=\"true\"><strong class=\"Yjhzub\" data-processed=\"true\">Compatibilidad:<\/strong> Cumple con el est\u00e1ndar ISO 11898-2.<\/span><\/li>\n<li data-hveid=\"CAMQAw\" data-processed=\"true\"><span class=\"T286Pc\" data-sfc-cp=\"\" data-processed=\"true\"><strong class=\"Yjhzub\" data-processed=\"true\">Capacidad del bus:<\/strong> Alta impedancia de entrada que permite hasta 120 nodos en un solo bus.<\/span><\/li>\n<li data-hveid=\"CAMQBA\" data-processed=\"true\"><span class=\"T286Pc\" data-sfc-cp=\"\" data-processed=\"true\"><strong class=\"Yjhzub\" data-processed=\"true\">Protecci\u00f3n:<\/strong> Protecci\u00f3n contra descargas electrost\u00e1ticas (ESD) en los pines del bus superior a $\\pm$16 kV (HBM).<\/span><\/li>\n<li data-hveid=\"CAMQBQ\" data-processed=\"true\"><span class=\"T286Pc\" data-sfc-cp=\"\" data-processed=\"true\"><strong class=\"Yjhzub\" data-processed=\"true\">Bajo consumo:<\/strong> Dise\u00f1ado para aplicaciones de bajo consumo.<\/span><\/li>\n<\/ul>\n","protected":false},"featured_media":1606,"template":"","meta":[],"product_brand":[],"product_cat":[22],"product_tag":[],"class_list":{"0":"post-3221","1":"product","2":"type-product","3":"status-publish","4":"has-post-thumbnail","6":"product_cat-elec_av","8":"first","9":"instock","10":"shipping-taxable","11":"purchasable","12":"product-type-simple"},"_links":{"self":[{"href":"https:\/\/imarensa.com\/wp4\/wp-json\/wp\/v2\/product\/3221","targetHints":{"allow":["GET"]}}],"collection":[{"href":"https:\/\/imarensa.com\/wp4\/wp-json\/wp\/v2\/product"}],"about":[{"href":"https:\/\/imarensa.com\/wp4\/wp-json\/wp\/v2\/types\/product"}],"wp:featuredmedia":[{"embeddable":true,"href":"https:\/\/imarensa.com\/wp4\/wp-json\/wp\/v2\/media\/1606"}],"wp:attachment":[{"href":"https:\/\/imarensa.com\/wp4\/wp-json\/wp\/v2\/media?parent=3221"}],"wp:term":[{"taxonomy":"product_brand","embeddable":true,"href":"https:\/\/imarensa.com\/wp4\/wp-json\/wp\/v2\/product_brand?post=3221"},{"taxonomy":"product_cat","embeddable":true,"href":"https:\/\/imarensa.com\/wp4\/wp-json\/wp\/v2\/product_cat?post=3221"},{"taxonomy":"product_tag","embeddable":true,"href":"https:\/\/imarensa.com\/wp4\/wp-json\/wp\/v2\/product_tag?post=3221"}],"curies":[{"name":"wp","href":"https:\/\/api.w.org\/{rel}","templated":true}]}}