{"id":3188,"date":"2026-01-22T17:52:24","date_gmt":"2026-01-22T22:52:24","guid":{"rendered":"https:\/\/imarensa.com\/wp4\/?post_type=product&#038;p=3188"},"modified":"2026-01-22T17:52:24","modified_gmt":"2026-01-22T22:52:24","slug":"integrado-24c64-at24c64-at24c64-10tu-2-7-tssop-8","status":"publish","type":"product","link":"https:\/\/imarensa.com\/wp4\/producto\/integrado-24c64-at24c64-at24c64-10tu-2-7-tssop-8\/","title":{"rendered":"Integrado 24C64 AT24C64 AT24C64-10TU-2.7  TSSOP-8"},"content":{"rendered":"","protected":false},"excerpt":{"rendered":"<div class=\"Y3BBE\" data-sfc-cp=\"\" data-hveid=\"CAEQAA\" data-processed=\"true\">\n<div data-subtree=\"aimfl,mfl\" data-processed=\"true\">El<\/div>\n<p><span data-processed=\"true\"><a class=\"H23r4e\" href=\"https:\/\/www.alldatasheet.com\/datasheet-pdf\/pdf\/83217\/ATMEL\/AT24C64A-10TU-2.7.html\" target=\"_blank\" rel=\"noopener\" data-sb=\"\/url?sa=i&amp;source=web&amp;rct=j&amp;url=https:\/\/www.alldatasheet.com\/datasheet-pdf\/pdf\/83217\/ATMEL\/AT24C64A-10TU-2.7.html&amp;ved=2ahUKEwiph5fJnaCSAxUgRjABHQjuI20Qy_kOegQIARAB&amp;opi=89978449&amp;cd&amp;psig=AOvVaw1yhlN5Qm4W3pS0UCWjNvEI&amp;ust=1769208547189000\" data-processed=\"true\">AT24C64-10TU-2.7 datasheet<\/a><\/span> es una memoria EEPROM serial de 64 Kbits (8Kx8) con interfaz I2C de 2 cables, opera con voltajes desde 2.7V hasta 5.5V, es de montaje superficial (SMD\/SMT), y tiene alta retenci\u00f3n de datos (100 a\u00f1os) y resistencia de 1 mill\u00f3n de ciclos de escritura.<span class=\"uJ19be notranslate\" data-wiz-uids=\"i6zyHf_c\" data-processed=\"true\"><span class=\"vKEkVd\" data-animation-atomic=\"\" data-wiz-attrbind=\"class=i6zyHf_b\/TKHnVd\" data-processed=\"true\">\u00a0<\/span><\/span><\/div>\n<div class=\"Y3BBE\" data-sfc-cp=\"\" data-hveid=\"CAIQAA\" data-processed=\"true\"><strong class=\"Yjhzub\" data-processed=\"true\">Caracter\u00edsticas principales:<\/strong><\/div>\n<ul class=\"KsbFXc U6u95\" data-processed=\"true\">\n<li data-hveid=\"CAMQAA\" data-processed=\"true\"><span class=\"T286Pc\" data-sfc-cp=\"\" data-processed=\"true\"><strong class=\"Yjhzub\" data-processed=\"true\">Tipo:<\/strong> <a class=\"GI370e\" href=\"https:\/\/www.google.com\/search?client=firefox-b-d&amp;q=Memoria+EEPROM&amp;mstk=AUtExfC1uF7hlcOGYm8c8gDFta2jKC1c4Kd3I04Wr7ZFRs8oOmhpt-Rg2dtSeP6y9d3MMhuPqr2Na1vKEiLX0pArUOgcJWEChndy4a_tQbvDJ1TtmSvOl580Ez7exSfEuZxRmE4&amp;csui=3&amp;ved=2ahUKEwiph5fJnaCSAxUgRjABHQjuI20QgK4QegQIAxAB\" data-ved=\"2ahUKEwiph5fJnaCSAxUgRjABHQjuI20QgK4QegQIAxAB\" data-hveid=\"CAMQAQ\" data-processed=\"true\">Memoria EEPROM<\/a> Serial de 2-cables (I2C).<\/span><\/li>\n<li data-hveid=\"CAMQAg\" data-processed=\"true\"><span class=\"T286Pc\" data-sfc-cp=\"\" data-processed=\"true\"><strong class=\"Yjhzub\" data-processed=\"true\">Capacidad:<\/strong> 64 Kbits (8192 x 8 bits).<\/span><\/li>\n<li data-hveid=\"CAMQAw\" data-processed=\"true\"><span class=\"T286Pc\" data-sfc-cp=\"\" data-processed=\"true\"><strong class=\"Yjhzub\" data-processed=\"true\">Voltaje de Operaci\u00f3n (Vcc):<\/strong> 2.7V a 5.5V.<\/span><\/li>\n<li data-hveid=\"CAMQBA\" data-processed=\"true\"><span class=\"T286Pc\" data-sfc-cp=\"\" data-processed=\"true\"><strong class=\"Yjhzub\" data-processed=\"true\">Interfaz:<\/strong> Bus serial I2C de 2 cables (SDA y SCL).<\/span><\/li>\n<li data-hveid=\"CAMQBQ\" data-processed=\"true\"><span class=\"T286Pc\" data-sfc-cp=\"\" data-processed=\"true\"><strong class=\"Yjhzub\" data-processed=\"true\">Montaje:<\/strong> <a class=\"GI370e\" href=\"https:\/\/www.google.com\/search?client=firefox-b-d&amp;q=SMD%2FSMT&amp;mstk=AUtExfC1uF7hlcOGYm8c8gDFta2jKC1c4Kd3I04Wr7ZFRs8oOmhpt-Rg2dtSeP6y9d3MMhuPqr2Na1vKEiLX0pArUOgcJWEChndy4a_tQbvDJ1TtmSvOl580Ez7exSfEuZxRmE4&amp;csui=3&amp;ved=2ahUKEwiph5fJnaCSAxUgRjABHQjuI20QgK4QegQIAxAG\" data-ved=\"2ahUKEwiph5fJnaCSAxUgRjABHQjuI20QgK4QegQIAxAG\" data-hveid=\"CAMQBg\" data-processed=\"true\">SMD\/SMT<\/a> (Surface Mount Device).<\/span><\/li>\n<li data-hveid=\"CAMQBw\" data-processed=\"true\"><span class=\"T286Pc\" data-sfc-cp=\"\" data-processed=\"true\"><strong class=\"Yjhzub\" data-processed=\"true\">Retenci\u00f3n de Datos:<\/strong> 100 a\u00f1os.<\/span><\/li>\n<li data-hveid=\"CAMQCA\" data-processed=\"true\"><span class=\"T286Pc\" data-sfc-cp=\"\" data-processed=\"true\"><strong class=\"Yjhzub\" data-processed=\"true\">Resistencia (Endurance):<\/strong> 1 mill\u00f3n de ciclos de escritura\/borrado.<\/span><\/li>\n<li data-hveid=\"CAMQCQ\" data-processed=\"true\"><span class=\"T286Pc\" data-sfc-cp=\"\" data-processed=\"true\"><strong class=\"Yjhzub\" data-processed=\"true\">Protecci\u00f3n ESD:<\/strong> &gt;3,000V.<\/span><\/li>\n<li data-hveid=\"CAMQCg\" data-processed=\"true\"><span class=\"T286Pc\" data-sfc-cp=\"\" data-processed=\"true\"><strong class=\"Yjhzub\" data-processed=\"true\">Empaque:<\/strong> Indica \u00abTU\u00bb, que generalmente se refiere a TSSOP (Thin Shrink Small Outline Package).<\/span><\/li>\n<\/ul>\n","protected":false},"featured_media":3189,"template":"","meta":[],"product_brand":[],"product_cat":[25,22],"product_tag":[],"class_list":{"0":"post-3188","1":"product","2":"type-product","3":"status-publish","4":"has-post-thumbnail","6":"product_cat-automotriz","7":"product_cat-elec_av","9":"first","10":"instock","11":"shipping-taxable","12":"purchasable","13":"product-type-simple"},"_links":{"self":[{"href":"https:\/\/imarensa.com\/wp4\/wp-json\/wp\/v2\/product\/3188","targetHints":{"allow":["GET"]}}],"collection":[{"href":"https:\/\/imarensa.com\/wp4\/wp-json\/wp\/v2\/product"}],"about":[{"href":"https:\/\/imarensa.com\/wp4\/wp-json\/wp\/v2\/types\/product"}],"wp:featuredmedia":[{"embeddable":true,"href":"https:\/\/imarensa.com\/wp4\/wp-json\/wp\/v2\/media\/3189"}],"wp:attachment":[{"href":"https:\/\/imarensa.com\/wp4\/wp-json\/wp\/v2\/media?parent=3188"}],"wp:term":[{"taxonomy":"product_brand","embeddable":true,"href":"https:\/\/imarensa.com\/wp4\/wp-json\/wp\/v2\/product_brand?post=3188"},{"taxonomy":"product_cat","embeddable":true,"href":"https:\/\/imarensa.com\/wp4\/wp-json\/wp\/v2\/product_cat?post=3188"},{"taxonomy":"product_tag","embeddable":true,"href":"https:\/\/imarensa.com\/wp4\/wp-json\/wp\/v2\/product_tag?post=3188"}],"curies":[{"name":"wp","href":"https:\/\/api.w.org\/{rel}","templated":true}]}}