{"id":3171,"date":"2026-01-20T15:55:57","date_gmt":"2026-01-20T20:55:57","guid":{"rendered":"https:\/\/imarensa.com\/wp4\/?post_type=product&#038;p=3171"},"modified":"2026-01-20T15:56:15","modified_gmt":"2026-01-20T20:56:15","slug":"transistor-mosfet-30057","status":"publish","type":"product","link":"https:\/\/imarensa.com\/wp4\/producto\/transistor-mosfet-30057\/","title":{"rendered":"Transistor Mosfet 30057"},"content":{"rendered":"","protected":false},"excerpt":{"rendered":"<ul>\n<li data-hveid=\"CAMQAA\" data-processed=\"true\"><span class=\"T286Pc\" data-sfc-cp=\"\" data-processed=\"true\"><strong class=\"Yjhzub\" data-processed=\"true\">Tipo de Canal:<\/strong> Canal N.<\/span><\/li>\n<li data-hveid=\"CAMQAQ\" data-processed=\"true\"><span class=\"T286Pc\" data-sfc-cp=\"\" data-processed=\"true\"><strong class=\"Yjhzub\" data-processed=\"true\">Encapsulado:<\/strong> TO-263 (SMD).<\/span><\/li>\n<li data-hveid=\"CAMQAg\" data-processed=\"true\"><span class=\"T286Pc\" data-sfc-cp=\"\" data-processed=\"true\"><strong class=\"Yjhzub\" data-processed=\"true\">Aplicaci\u00f3n:<\/strong> Uso automotriz, espec\u00edficamente en computadoras de motor (ECU) para control de encendido.<\/span><\/li>\n<li data-hveid=\"CAMQAw\" data-processed=\"true\"><span class=\"T286Pc\" data-sfc-cp=\"\" data-processed=\"true\"><strong class=\"Yjhzub\" data-processed=\"true\">Voltaje M\u00e1ximo:<\/strong> 32V.<\/span><\/li>\n<li data-hveid=\"CAMQBA\" data-processed=\"true\"><span class=\"T286Pc\" data-sfc-cp=\"\" data-processed=\"true\"><strong class=\"Yjhzub\" data-processed=\"true\">Corriente M\u00e1xima:<\/strong> 5A.<\/span><\/li>\n<li data-hveid=\"CAMQBQ\" data-processed=\"true\"><span class=\"T286Pc\" data-sfc-cp=\"\" data-processed=\"true\"><strong class=\"Yjhzub\" data-processed=\"true\">Potencia M\u00e1xima:<\/strong> 80W.<\/span><\/li>\n<li data-hveid=\"CAMQBg\" data-processed=\"true\"><span class=\"T286Pc\" data-sfc-cp=\"\" data-processed=\"true\"><strong class=\"Yjhzub\" data-processed=\"true\">Funci\u00f3n:<\/strong> Conmutaci\u00f3n y amplificaci\u00f3n de se\u00f1ales electr\u00f3nicas<\/span><\/li>\n<\/ul>\n","protected":false},"featured_media":3168,"template":"","meta":[],"product_brand":[],"product_cat":[25,22],"product_tag":[],"class_list":{"0":"post-3171","1":"product","2":"type-product","3":"status-publish","4":"has-post-thumbnail","6":"product_cat-automotriz","7":"product_cat-elec_av","9":"first","10":"instock","11":"shipping-taxable","12":"purchasable","13":"product-type-simple"},"_links":{"self":[{"href":"https:\/\/imarensa.com\/wp4\/wp-json\/wp\/v2\/product\/3171","targetHints":{"allow":["GET"]}}],"collection":[{"href":"https:\/\/imarensa.com\/wp4\/wp-json\/wp\/v2\/product"}],"about":[{"href":"https:\/\/imarensa.com\/wp4\/wp-json\/wp\/v2\/types\/product"}],"wp:featuredmedia":[{"embeddable":true,"href":"https:\/\/imarensa.com\/wp4\/wp-json\/wp\/v2\/media\/3168"}],"wp:attachment":[{"href":"https:\/\/imarensa.com\/wp4\/wp-json\/wp\/v2\/media?parent=3171"}],"wp:term":[{"taxonomy":"product_brand","embeddable":true,"href":"https:\/\/imarensa.com\/wp4\/wp-json\/wp\/v2\/product_brand?post=3171"},{"taxonomy":"product_cat","embeddable":true,"href":"https:\/\/imarensa.com\/wp4\/wp-json\/wp\/v2\/product_cat?post=3171"},{"taxonomy":"product_tag","embeddable":true,"href":"https:\/\/imarensa.com\/wp4\/wp-json\/wp\/v2\/product_tag?post=3171"}],"curies":[{"name":"wp","href":"https:\/\/api.w.org\/{rel}","templated":true}]}}