{"id":3169,"date":"2026-01-20T15:49:36","date_gmt":"2026-01-20T20:49:36","guid":{"rendered":"https:\/\/imarensa.com\/wp4\/?post_type=product&#038;p=3169"},"modified":"2026-01-20T15:49:36","modified_gmt":"2026-01-20T20:49:36","slug":"transistor-mosfet-07096","status":"publish","type":"product","link":"https:\/\/imarensa.com\/wp4\/producto\/transistor-mosfet-07096\/","title":{"rendered":"Transistor Mosfet 07096"},"content":{"rendered":"","protected":false},"excerpt":{"rendered":"<ul>\n<li data-hveid=\"CAMQAA\" data-processed=\"true\"><span class=\"T286Pc\" data-sfc-cp=\"\" data-processed=\"true\"><strong class=\"Yjhzub\" data-processed=\"true\">Tipo:<\/strong> <a class=\"GI370e\" href=\"https:\/\/www.google.com\/search?q=MOSFET&amp;client=firefox-b-d&amp;hs=OXCp&amp;sca_esv=59623aa993e8ccae&amp;sxsrf=ANbL-n4uMHtp_aEvHeWXhKqM6IOLWeDGSQ%3A1768940769827&amp;ei=4eRvafuRMpurwbkPwsrq6Q8&amp;ved=2ahUKEwjAofrP_ZqSAxURTjABHYkBCfsQgK4QegQIAxAB&amp;uact=5&amp;oq=caracteristicas+del+mosfet+07096&amp;gs_lp=Egxnd3Mtd2l6LXNlcnAiIGNhcmFjdGVyaXN0aWNhcyBkZWwgbW9zZmV0IDA3MDk2MgUQIRigATIFECEYoAEyBRAhGKABMgUQIRigATIFECEYnwVIzg9Q8QRY8AxwAXgAkAEAmAHRAaABnwaqAQUwLjQuMbgBA8gBAPgBAZgCBqAC2wbCAggQABiwAxjvBcICCxAAGIAEGLADGKIEmAMAiAYBkAYFkgcFMS40LjGgB_kSsgcFMC40LjG4B9AGwgcDMi02yAcfgAgA&amp;sclient=gws-wiz-serp&amp;mstk=AUtExfAigFBjxiaKmP-BRvOxd7uWCgCBYFS7ejnMtzhHKnE7r9olNc0r4wnHrJdFJeY8CHRT4EPpFA64xzM9OQ-E8VBiqAvigNGUZcFGt3PymO6eeE6zAWV0dNyyO0Musrto9n8U9fQFkntVBl4rmdKie2jc_ETs8KfvokH7LutTgTEphs4&amp;csui=3\" data-ved=\"2ahUKEwjAofrP_ZqSAxURTjABHYkBCfsQgK4QegQIAxAB\" data-hveid=\"CAMQAQ\" data-processed=\"true\">MOSFET<\/a> de <a class=\"GI370e\" href=\"https:\/\/www.google.com\/search?q=Canal+N&amp;client=firefox-b-d&amp;hs=OXCp&amp;sca_esv=59623aa993e8ccae&amp;sxsrf=ANbL-n4uMHtp_aEvHeWXhKqM6IOLWeDGSQ%3A1768940769827&amp;ei=4eRvafuRMpurwbkPwsrq6Q8&amp;ved=2ahUKEwjAofrP_ZqSAxURTjABHYkBCfsQgK4QegQIAxAC&amp;uact=5&amp;oq=caracteristicas+del+mosfet+07096&amp;gs_lp=Egxnd3Mtd2l6LXNlcnAiIGNhcmFjdGVyaXN0aWNhcyBkZWwgbW9zZmV0IDA3MDk2MgUQIRigATIFECEYoAEyBRAhGKABMgUQIRigATIFECEYnwVIzg9Q8QRY8AxwAXgAkAEAmAHRAaABnwaqAQUwLjQuMbgBA8gBAPgBAZgCBqAC2wbCAggQABiwAxjvBcICCxAAGIAEGLADGKIEmAMAiAYBkAYFkgcFMS40LjGgB_kSsgcFMC40LjG4B9AGwgcDMi02yAcfgAgA&amp;sclient=gws-wiz-serp&amp;mstk=AUtExfAigFBjxiaKmP-BRvOxd7uWCgCBYFS7ejnMtzhHKnE7r9olNc0r4wnHrJdFJeY8CHRT4EPpFA64xzM9OQ-E8VBiqAvigNGUZcFGt3PymO6eeE6zAWV0dNyyO0Musrto9n8U9fQFkntVBl4rmdKie2jc_ETs8KfvokH7LutTgTEphs4&amp;csui=3\" data-ved=\"2ahUKEwjAofrP_ZqSAxURTjABHYkBCfsQgK4QegQIAxAC\" data-hveid=\"CAMQAg\" data-processed=\"true\">Canal N<\/a>.<\/span><\/li>\n<li data-hveid=\"CAMQAw\" data-processed=\"true\"><span class=\"T286Pc\" data-sfc-cp=\"\" data-processed=\"true\"><strong class=\"Yjhzub\" data-processed=\"true\">Encapsulado:<\/strong> TO-252 (SMD\/Montaje superficial).<\/span><\/li>\n<li data-hveid=\"CAMQBA\" data-processed=\"true\"><span class=\"T286Pc\" data-sfc-cp=\"\" data-processed=\"true\"><strong class=\"Yjhzub\" data-processed=\"true\">Aplicaci\u00f3n:<\/strong> Conmutaci\u00f3n y amplificaci\u00f3n en sistemas automotrices, especialmente en Unidades de Control Electr\u00f3nico (ECUs).<\/span><\/li>\n<li data-hveid=\"CAMQBQ\" data-processed=\"true\"><span class=\"T286Pc\" data-sfc-cp=\"\" data-processed=\"true\"><strong class=\"Yjhzub\" data-processed=\"true\">Voltaje (Vds):<\/strong> Alrededor de 50V (puede variar, pero es com\u00fan en este rango para automoci\u00f3n).<\/span><\/li>\n<li data-hveid=\"CAMQBg\" data-processed=\"true\"><span class=\"T286Pc\" data-sfc-cp=\"\" data-processed=\"true\"><strong class=\"Yjhzub\" data-processed=\"true\">Corriente (Id):<\/strong> Entre 5A y 10A, dependiendo de las condiciones.<\/span><\/li>\n<li data-hveid=\"CAMQBw\" data-processed=\"true\"><span class=\"T286Pc\" data-sfc-cp=\"\" data-processed=\"true\"><strong class=\"Yjhzub\" data-processed=\"true\">Control:<\/strong> Requiere una baja corriente en la puerta para activarse, siendo eficiente.<\/span><\/li>\n<li data-hveid=\"CAMQCA\" data-processed=\"true\"><span class=\"T286Pc\" data-sfc-cp=\"\" data-processed=\"true\"><strong class=\"Yjhzub\" data-processed=\"true\">Rds(on):<\/strong> Muy baja resistencia de encendido para minimizar p\u00e9rdidas de energ\u00eda.<\/span><\/li>\n<\/ul>\n","protected":false},"featured_media":3170,"template":"","meta":[],"product_brand":[],"product_cat":[25,22],"product_tag":[],"class_list":{"0":"post-3169","1":"product","2":"type-product","3":"status-publish","4":"has-post-thumbnail","6":"product_cat-automotriz","7":"product_cat-elec_av","9":"first","10":"instock","11":"shipping-taxable","12":"purchasable","13":"product-type-simple"},"_links":{"self":[{"href":"https:\/\/imarensa.com\/wp4\/wp-json\/wp\/v2\/product\/3169","targetHints":{"allow":["GET"]}}],"collection":[{"href":"https:\/\/imarensa.com\/wp4\/wp-json\/wp\/v2\/product"}],"about":[{"href":"https:\/\/imarensa.com\/wp4\/wp-json\/wp\/v2\/types\/product"}],"wp:featuredmedia":[{"embeddable":true,"href":"https:\/\/imarensa.com\/wp4\/wp-json\/wp\/v2\/media\/3170"}],"wp:attachment":[{"href":"https:\/\/imarensa.com\/wp4\/wp-json\/wp\/v2\/media?parent=3169"}],"wp:term":[{"taxonomy":"product_brand","embeddable":true,"href":"https:\/\/imarensa.com\/wp4\/wp-json\/wp\/v2\/product_brand?post=3169"},{"taxonomy":"product_cat","embeddable":true,"href":"https:\/\/imarensa.com\/wp4\/wp-json\/wp\/v2\/product_cat?post=3169"},{"taxonomy":"product_tag","embeddable":true,"href":"https:\/\/imarensa.com\/wp4\/wp-json\/wp\/v2\/product_tag?post=3169"}],"curies":[{"name":"wp","href":"https:\/\/api.w.org\/{rel}","templated":true}]}}