{"id":3128,"date":"2026-01-14T15:30:13","date_gmt":"2026-01-14T20:30:13","guid":{"rendered":"https:\/\/imarensa.com\/wp4\/?post_type=product&#038;p=3128"},"modified":"2026-01-26T10:35:41","modified_gmt":"2026-01-26T15:35:41","slug":"transistor-mosfet-tipo-n-vnp5n07","status":"publish","type":"product","link":"https:\/\/imarensa.com\/wp4\/producto\/transistor-mosfet-tipo-n-vnp5n07\/","title":{"rendered":"Transistor Mosfet tipo N VNP5N07"},"content":{"rendered":"","protected":false},"excerpt":{"rendered":"<ul>\n<li data-hveid=\"CAMQAA\" data-processed=\"true\"><span class=\"T286Pc\" data-sfc-cp=\"\" data-processed=\"true\"><strong class=\"Yjhzub\" data-processed=\"true\">Tipo:<\/strong> MOSFET de Canal N, Lado Bajo (Low-Side), Interruptor de Potencia (Power Switch).<\/span><\/li>\n<li data-hveid=\"CAMQAQ\" data-processed=\"true\"><span class=\"T286Pc\" data-sfc-cp=\"\" data-processed=\"true\"><strong class=\"Yjhzub\" data-processed=\"true\">Protecciones Integradas:<\/strong><\/span>\n<ul class=\"KsbFXc U6u95\" data-processed=\"true\">\n<li data-hveid=\"CAMQAg\" data-processed=\"true\"><span class=\"T286Pc\" data-sfc-cp=\"\" data-processed=\"true\">Limitaci\u00f3n de corriente lineal.<\/span><\/li>\n<li data-hveid=\"CAMQAw\" data-processed=\"true\"><span class=\"T286Pc\" data-sfc-cp=\"\" data-processed=\"true\">Protecci\u00f3n contra cortocircuitos.<\/span><\/li>\n<li data-hveid=\"CAMQBA\" data-processed=\"true\"><span class=\"T286Pc\" data-sfc-cp=\"\" data-processed=\"true\">Apagado t\u00e9rmico (Thermal Shut-down).<\/span><\/li>\n<li data-hveid=\"CAMQBQ\" data-processed=\"true\"><span class=\"T286Pc\" data-sfc-cp=\"\" data-processed=\"true\">Protecci\u00f3n contra sobrevoltaje (<a class=\"GI370e\" href=\"https:\/\/www.google.com\/search?q=Overvoltage+Clamp&amp;client=firefox-b-d&amp;hs=5FAp&amp;sca_esv=bf2dd7d5d84e1d42&amp;sxsrf=ANbL-n4Sq6_qCsA_IamhngvVHk1NIitTHQ%3A1768415132829&amp;ei=nN9nad6iMt2IwbkPn8PC8A4&amp;ved=2ahUKEwi6kIXs04uSAxWDRTABHYCtFmMQgK4QegQIAxAG&amp;uact=5&amp;oq=CUALES+SON+LAS+CARACTERISTICAS+DE+VNP5N07&amp;gs_lp=Egxnd3Mtd2l6LXNlcnAiKUNVQUxFUyBTT04gTEFTIENBUkFDVEVSSVNUSUNBUyBERSBWTlA1TjA3MggQABiiBBiJBUiQe1DzDljZdnACeACQAQCYAb4BoAGjFKoBBDAuMTi4AQPIAQD4AQGYAgygAu4LwgILEAAYgAQYsAMYogTCAggQABiwAxjvBcICBRAAGO8FwgIIEAAYgAQYogTCAgQQIRgKmAMAiAYBkAYEkgcEMi4xMKAHlSOyBwQwLjEwuAfbC8IHBTAuNC44yAcsgAgA&amp;sclient=gws-wiz-serp&amp;mstk=AUtExfDaV29jTQIflrnNSdAQgsCyr4VUUGjFlhzCMtOrSbCk3hhh5MyrcTXAt9D6AUWoH6ngRwUEsevlAiNoBwhLMCYBl7UwdKYFPB-rHdUtI4yjoxMq1GQXg6Is97-KzesRHWF9PmRIhWXepbJ-xgUeyd5PwkovXUP_Jf8x_pojzik0UMUxHo3cMVPB9dPuTZb3x_2YvqGiUQbdtQyRKcE8vVCKE4sydXK3rZFjQLa2bYso0220vlGtXi8smibHAPE_3uxyLa3Hbd2PlV1T_I73rU7u&amp;csui=3\" data-ved=\"2ahUKEwi6kIXs04uSAxWDRTABHYCtFmMQgK4QegQIAxAG\" data-hveid=\"CAMQBg\" data-processed=\"true\">Overvoltage Clamp<\/a>) a 70V.<\/span><\/li>\n<li data-hveid=\"CAMQBw\" data-processed=\"true\"><span class=\"T286Pc\" data-sfc-cp=\"\" data-processed=\"true\">Protecci\u00f3n ESD (Descarga Electrost\u00e1tica).<\/span><\/li>\n<\/ul>\n<\/li>\n<li data-hveid=\"CAMQCA\" data-processed=\"true\"><span class=\"T286Pc\" data-sfc-cp=\"\" data-processed=\"true\"><strong class=\"Yjhzub\" data-processed=\"true\">Manejo de Carga:<\/strong> Dise\u00f1ado para control de cargas inductivas (motores, solenoides).<\/span><\/li>\n<li data-hveid=\"CAMQCQ\" data-processed=\"true\"><span class=\"T286Pc\" data-sfc-cp=\"\" data-processed=\"true\"><strong class=\"Yjhzub\" data-processed=\"true\">Paquete (<a class=\"GI370e\" href=\"https:\/\/www.google.com\/search?q=Package&amp;client=firefox-b-d&amp;hs=5FAp&amp;sca_esv=bf2dd7d5d84e1d42&amp;sxsrf=ANbL-n4Sq6_qCsA_IamhngvVHk1NIitTHQ%3A1768415132829&amp;ei=nN9nad6iMt2IwbkPn8PC8A4&amp;ved=2ahUKEwi6kIXs04uSAxWDRTABHYCtFmMQgK4QegQIAxAK&amp;uact=5&amp;oq=CUALES+SON+LAS+CARACTERISTICAS+DE+VNP5N07&amp;gs_lp=Egxnd3Mtd2l6LXNlcnAiKUNVQUxFUyBTT04gTEFTIENBUkFDVEVSSVNUSUNBUyBERSBWTlA1TjA3MggQABiiBBiJBUiQe1DzDljZdnACeACQAQCYAb4BoAGjFKoBBDAuMTi4AQPIAQD4AQGYAgygAu4LwgILEAAYgAQYsAMYogTCAggQABiwAxjvBcICBRAAGO8FwgIIEAAYgAQYogTCAgQQIRgKmAMAiAYBkAYEkgcEMi4xMKAHlSOyBwQwLjEwuAfbC8IHBTAuNC44yAcsgAgA&amp;sclient=gws-wiz-serp&amp;mstk=AUtExfDaV29jTQIflrnNSdAQgsCyr4VUUGjFlhzCMtOrSbCk3hhh5MyrcTXAt9D6AUWoH6ngRwUEsevlAiNoBwhLMCYBl7UwdKYFPB-rHdUtI4yjoxMq1GQXg6Is97-KzesRHWF9PmRIhWXepbJ-xgUeyd5PwkovXUP_Jf8x_pojzik0UMUxHo3cMVPB9dPuTZb3x_2YvqGiUQbdtQyRKcE8vVCKE4sydXK3rZFjQLa2bYso0220vlGtXi8smibHAPE_3uxyLa3Hbd2PlV1T_I73rU7u&amp;csui=3\" data-ved=\"2ahUKEwi6kIXs04uSAxWDRTABHYCtFmMQgK4QegQIAxAK\" data-hveid=\"CAMQCg\" data-processed=\"true\">Package<\/a>):<\/strong> TO-220 est\u00e1ndar.<\/span><\/li>\n<li data-hveid=\"CAMQCw\" data-processed=\"true\"><span class=\"T286Pc\" data-sfc-cp=\"\" data-processed=\"true\"><strong class=\"Yjhzub\" data-processed=\"true\">Control:<\/strong> Detecci\u00f3n de fallas y retroalimentaci\u00f3n a trav\u00e9s del pin de entrada.<\/span><\/li>\n<li data-hveid=\"CAMQDA\" data-processed=\"true\"><span class=\"T286Pc\" data-sfc-cp=\"\" data-processed=\"true\"><strong class=\"Yjhzub\" data-processed=\"true\">Voltaje (Carga):<\/strong> Hasta 55V (m\u00e1x.).<\/span><\/li>\n<li data-hveid=\"CAMQDQ\" data-processed=\"true\"><span class=\"T286Pc\" data-sfc-cp=\"\" data-processed=\"true\"><strong class=\"Yjhzub\" data-processed=\"true\">Corriente:<\/strong> 5A (continuo)<\/span><\/li>\n<\/ul>\n","protected":false},"featured_media":3129,"template":"","meta":[],"product_brand":[],"product_cat":[25,22],"product_tag":[],"class_list":{"0":"post-3128","1":"product","2":"type-product","3":"status-publish","4":"has-post-thumbnail","6":"product_cat-automotriz","7":"product_cat-elec_av","9":"first","10":"instock","11":"shipping-taxable","12":"purchasable","13":"product-type-simple"},"_links":{"self":[{"href":"https:\/\/imarensa.com\/wp4\/wp-json\/wp\/v2\/product\/3128","targetHints":{"allow":["GET"]}}],"collection":[{"href":"https:\/\/imarensa.com\/wp4\/wp-json\/wp\/v2\/product"}],"about":[{"href":"https:\/\/imarensa.com\/wp4\/wp-json\/wp\/v2\/types\/product"}],"wp:featuredmedia":[{"embeddable":true,"href":"https:\/\/imarensa.com\/wp4\/wp-json\/wp\/v2\/media\/3129"}],"wp:attachment":[{"href":"https:\/\/imarensa.com\/wp4\/wp-json\/wp\/v2\/media?parent=3128"}],"wp:term":[{"taxonomy":"product_brand","embeddable":true,"href":"https:\/\/imarensa.com\/wp4\/wp-json\/wp\/v2\/product_brand?post=3128"},{"taxonomy":"product_cat","embeddable":true,"href":"https:\/\/imarensa.com\/wp4\/wp-json\/wp\/v2\/product_cat?post=3128"},{"taxonomy":"product_tag","embeddable":true,"href":"https:\/\/imarensa.com\/wp4\/wp-json\/wp\/v2\/product_tag?post=3128"}],"curies":[{"name":"wp","href":"https:\/\/api.w.org\/{rel}","templated":true}]}}