{"id":3084,"date":"2025-11-26T16:54:44","date_gmt":"2025-11-26T21:54:44","guid":{"rendered":"https:\/\/imarensa.com\/wp4\/?post_type=product&#038;p=3084"},"modified":"2025-11-26T16:56:38","modified_gmt":"2025-11-26T21:56:38","slug":"uln2804-uln2804ag-smd","status":"publish","type":"product","link":"https:\/\/imarensa.com\/wp4\/producto\/uln2804-uln2804ag-smd\/","title":{"rendered":"Uln2804 Uln2804ag Smd"},"content":{"rendered":"","protected":false},"excerpt":{"rendered":"<p>El ULN2804AG es un chip con 8 circuitos de \u00abtransistores Darlington\u00bb que funcionan como un arreglo de salidas para controlar cargas de alta corriente, como rel\u00e9s o motores. Es ideal para interfaces CMOS de \\(6V\\) a \\(15V\\) y soporta hasta \\(50V\\) y \\(500mA\\) por canal. Funcionalidad: Act\u00faa como una interfaz entre un microcontrolador (l\u00f3gica de bajo voltaje) y una carga de alto voltaje o corriente.Caracter\u00edsticas:Circuitos: 8Voltaje de operaci\u00f3n: hasta \\(50V\\)Corriente: hasta \\(500mA\\) por canal Interfaz: Dise\u00f1ado para l\u00f3gica CMOS de \\(6V\\) a \\(15V\\)Aplicaciones comunes: Control de rel\u00e9s, impresoras de matriz de puntos, y otros dispositivos que requieran una conmutaci\u00f3n de alta corriente<\/p>\n","protected":false},"featured_media":3085,"template":"","meta":[],"product_brand":[],"product_cat":[22],"product_tag":[],"class_list":{"0":"post-3084","1":"product","2":"type-product","3":"status-publish","4":"has-post-thumbnail","6":"product_cat-elec_av","8":"first","9":"instock","10":"shipping-taxable","11":"purchasable","12":"product-type-simple"},"_links":{"self":[{"href":"https:\/\/imarensa.com\/wp4\/wp-json\/wp\/v2\/product\/3084","targetHints":{"allow":["GET"]}}],"collection":[{"href":"https:\/\/imarensa.com\/wp4\/wp-json\/wp\/v2\/product"}],"about":[{"href":"https:\/\/imarensa.com\/wp4\/wp-json\/wp\/v2\/types\/product"}],"wp:featuredmedia":[{"embeddable":true,"href":"https:\/\/imarensa.com\/wp4\/wp-json\/wp\/v2\/media\/3085"}],"wp:attachment":[{"href":"https:\/\/imarensa.com\/wp4\/wp-json\/wp\/v2\/media?parent=3084"}],"wp:term":[{"taxonomy":"product_brand","embeddable":true,"href":"https:\/\/imarensa.com\/wp4\/wp-json\/wp\/v2\/product_brand?post=3084"},{"taxonomy":"product_cat","embeddable":true,"href":"https:\/\/imarensa.com\/wp4\/wp-json\/wp\/v2\/product_cat?post=3084"},{"taxonomy":"product_tag","embeddable":true,"href":"https:\/\/imarensa.com\/wp4\/wp-json\/wp\/v2\/product_tag?post=3084"}],"curies":[{"name":"wp","href":"https:\/\/api.w.org\/{rel}","templated":true}]}}