{"id":2425,"date":"2025-01-22T15:49:13","date_gmt":"2025-01-22T20:49:13","guid":{"rendered":"https:\/\/imarensa.com\/wp4\/?post_type=product&#038;p=2425"},"modified":"2025-03-24T17:12:42","modified_gmt":"2025-03-24T22:12:42","slug":"varistor-varias-medidas","status":"publish","type":"product","link":"https:\/\/imarensa.com\/wp4\/producto\/varistor-varias-medidas\/","title":{"rendered":"Varistor  varias medidas"},"content":{"rendered":"","protected":false},"excerpt":{"rendered":"<p><span class=\"BxUVEf ILfuVd\" lang=\"es\"><span class=\"hgKElc\">Se utiliza para <b>proteger los componentes m\u00e1s sensibles de los circuitos contra variaciones bruscas de voltaje o picos de corriente<\/b> que pueden ser originados, entre otros, por rel\u00e1mpagos conmutaciones y ruido el\u00e9ctrico. El varistor est\u00e1 construido a base de materiales semiconductores al igual que como el tiristor.<\/span><\/span><\/p>\n","protected":false},"featured_media":2442,"template":"","meta":[],"product_brand":[],"product_cat":[25,22],"product_tag":[],"class_list":{"0":"post-2425","1":"product","2":"type-product","3":"status-publish","4":"has-post-thumbnail","6":"product_cat-automotriz","7":"product_cat-elec_av","9":"first","10":"instock","11":"shipping-taxable","12":"purchasable","13":"product-type-variable"},"_links":{"self":[{"href":"https:\/\/imarensa.com\/wp4\/wp-json\/wp\/v2\/product\/2425","targetHints":{"allow":["GET"]}}],"collection":[{"href":"https:\/\/imarensa.com\/wp4\/wp-json\/wp\/v2\/product"}],"about":[{"href":"https:\/\/imarensa.com\/wp4\/wp-json\/wp\/v2\/types\/product"}],"wp:featuredmedia":[{"embeddable":true,"href":"https:\/\/imarensa.com\/wp4\/wp-json\/wp\/v2\/media\/2442"}],"wp:attachment":[{"href":"https:\/\/imarensa.com\/wp4\/wp-json\/wp\/v2\/media?parent=2425"}],"wp:term":[{"taxonomy":"product_brand","embeddable":true,"href":"https:\/\/imarensa.com\/wp4\/wp-json\/wp\/v2\/product_brand?post=2425"},{"taxonomy":"product_cat","embeddable":true,"href":"https:\/\/imarensa.com\/wp4\/wp-json\/wp\/v2\/product_cat?post=2425"},{"taxonomy":"product_tag","embeddable":true,"href":"https:\/\/imarensa.com\/wp4\/wp-json\/wp\/v2\/product_tag?post=2425"}],"curies":[{"name":"wp","href":"https:\/\/api.w.org\/{rel}","templated":true}]}}