{"id":1489,"date":"2024-07-04T07:23:50","date_gmt":"2024-07-04T12:23:50","guid":{"rendered":"https:\/\/imarensa.com\/wp4\/producto\/adaptador-splitter-auxiliar-3-5mm-divisor-auricular\/"},"modified":"2026-04-16T15:09:31","modified_gmt":"2026-04-16T20:09:31","slug":"adaptador-splitter-auxiliar-3-5mm-divisor-auricular","status":"publish","type":"product","link":"https:\/\/imarensa.com\/wp4\/producto\/adaptador-splitter-auxiliar-3-5mm-divisor-auricular\/","title":{"rendered":"Adaptador  Splitter Auxiliar 3.5mm  Divisor conector  Auricular tipo U"},"content":{"rendered":"<p>-Este adaptador tiene conexi\u00f3n de 3,5mm a 2 conexiones 3.5mm<br \/>\n-Sirve con cualquier dispositivo port\u00e1til que utilice un solo jack de 3.5mm.<br \/>\n-Cable audio splitter jack de 3,5 mm es compatible con Joystick de PlayStation 3 y 4, iPad, iPhone, iPod, reproductores MP3, tel\u00e9fonos m\u00f3viles, tablets, port\u00e1tiles, ordenadores, o smartphones con un conector para auriculares de 3,5 mm.<br \/>\n-Este jack 3.5 divisor es ideal para escuchar m\u00fasica, v\u00eddeos o juegos favoritos dos personas desde un mismo dispositivo ya que se pueden conectar dos pares de auriculares.<br \/>\n-No baja la calidad del sonido al usarlos simult\u00e1neamente<\/p>\n","protected":false},"excerpt":{"rendered":"<p>-Este adaptador tiene conexi\u00f3n de 3,5mm a 2 conexiones 3.5mm -Sirve con cualquier dispositivo port\u00e1til que utilice un solo jack de 3.5mm. -Cable audio splitter jack de 3,5 mm es compatible con Joystick de PlayStation 3 y 4, iPad, iPhone, iPod, reproductores MP3, tel\u00e9fonos m\u00f3viles, tablets, port\u00e1tiles, ordenadores, o smartphones con un conector para auriculares [&hellip;]<\/p>\n","protected":false},"featured_media":2935,"template":"","meta":[],"product_brand":[],"product_cat":[22],"product_tag":[],"class_list":{"0":"post-1489","1":"product","2":"type-product","3":"status-publish","4":"has-post-thumbnail","6":"product_cat-elec_av","8":"first","9":"instock","10":"shipping-taxable","11":"purchasable","12":"product-type-variable"},"_links":{"self":[{"href":"https:\/\/imarensa.com\/wp4\/wp-json\/wp\/v2\/product\/1489","targetHints":{"allow":["GET"]}}],"collection":[{"href":"https:\/\/imarensa.com\/wp4\/wp-json\/wp\/v2\/product"}],"about":[{"href":"https:\/\/imarensa.com\/wp4\/wp-json\/wp\/v2\/types\/product"}],"wp:featuredmedia":[{"embeddable":true,"href":"https:\/\/imarensa.com\/wp4\/wp-json\/wp\/v2\/media\/2935"}],"wp:attachment":[{"href":"https:\/\/imarensa.com\/wp4\/wp-json\/wp\/v2\/media?parent=1489"}],"wp:term":[{"taxonomy":"product_brand","embeddable":true,"href":"https:\/\/imarensa.com\/wp4\/wp-json\/wp\/v2\/product_brand?post=1489"},{"taxonomy":"product_cat","embeddable":true,"href":"https:\/\/imarensa.com\/wp4\/wp-json\/wp\/v2\/product_cat?post=1489"},{"taxonomy":"product_tag","embeddable":true,"href":"https:\/\/imarensa.com\/wp4\/wp-json\/wp\/v2\/product_tag?post=1489"}],"curies":[{"name":"wp","href":"https:\/\/api.w.org\/{rel}","templated":true}]}}