{"id":1365,"date":"2024-07-04T07:23:22","date_gmt":"2024-07-04T12:23:22","guid":{"rendered":"https:\/\/imarensa.com\/wp4\/producto\/be-adaptador-bluetooth-usb-4-0\/"},"modified":"2025-11-15T11:00:08","modified_gmt":"2025-11-15T16:00:08","slug":"be-adaptador-bluetooth-usb-4-0","status":"publish","type":"product","link":"https:\/\/imarensa.com\/wp4\/producto\/be-adaptador-bluetooth-usb-4-0\/","title":{"rendered":"Adaptador Bluetooth Usb 4.0"},"content":{"rendered":"<p>Especificaci\u00f3n:<br \/>\nTipo: Adaptador Bluetooth<br \/>\nMaterial: metal, pl\u00e1stico<br \/>\nCantidad: 1 unidad<br \/>\nColor: negro como foto<br \/>\nVersi\u00f3n: CSR4.0<br \/>\nSistema operativo: Windows XP \/ 7 \/ Vista \/ 2000 controlador gratuito, Windows 8, Windows 10<br \/>\nInterfaz: USB compatible<br \/>\nTarifa: 3Mbps<br \/>\nRecepci\u00f3n: hasta 20m<\/p>\n","protected":false},"excerpt":{"rendered":"<p>Especificaci\u00f3n: Tipo: Adaptador Bluetooth Material: metal, pl\u00e1stico Cantidad: 1 unidad Color: negro como foto Versi\u00f3n: CSR4.0 Sistema operativo: Windows XP \/ 7 \/ Vista \/ 2000 controlador gratuito, Windows 8, Windows 10 Interfaz: USB compatible Tarifa: 3Mbps Recepci\u00f3n: hasta 20m<\/p>\n","protected":false},"featured_media":801,"template":"","meta":[],"product_brand":[],"product_cat":[22,26],"product_tag":[],"class_list":{"0":"post-1365","1":"product","2":"type-product","3":"status-publish","4":"has-post-thumbnail","6":"product_cat-elec_av","7":"product_cat-herramienta","9":"first","10":"instock","11":"shipping-taxable","12":"purchasable","13":"product-type-simple"},"_links":{"self":[{"href":"https:\/\/imarensa.com\/wp4\/wp-json\/wp\/v2\/product\/1365","targetHints":{"allow":["GET"]}}],"collection":[{"href":"https:\/\/imarensa.com\/wp4\/wp-json\/wp\/v2\/product"}],"about":[{"href":"https:\/\/imarensa.com\/wp4\/wp-json\/wp\/v2\/types\/product"}],"wp:featuredmedia":[{"embeddable":true,"href":"https:\/\/imarensa.com\/wp4\/wp-json\/wp\/v2\/media\/801"}],"wp:attachment":[{"href":"https:\/\/imarensa.com\/wp4\/wp-json\/wp\/v2\/media?parent=1365"}],"wp:term":[{"taxonomy":"product_brand","embeddable":true,"href":"https:\/\/imarensa.com\/wp4\/wp-json\/wp\/v2\/product_brand?post=1365"},{"taxonomy":"product_cat","embeddable":true,"href":"https:\/\/imarensa.com\/wp4\/wp-json\/wp\/v2\/product_cat?post=1365"},{"taxonomy":"product_tag","embeddable":true,"href":"https:\/\/imarensa.com\/wp4\/wp-json\/wp\/v2\/product_tag?post=1365"}],"curies":[{"name":"wp","href":"https:\/\/api.w.org\/{rel}","templated":true}]}}