{"id":1352,"date":"2024-07-04T07:23:21","date_gmt":"2024-07-04T12:23:21","guid":{"rendered":"https:\/\/imarensa.com\/wp4\/producto\/be-convertidor-step-up-mt3608-4-28v-out-2amp-con-microusb\/"},"modified":"2025-08-15T12:08:47","modified_gmt":"2025-08-15T17:08:47","slug":"be-convertidor-step-up-mt3608-4-28v-out-2amp-con-microusb","status":"publish","type":"product","link":"https:\/\/imarensa.com\/wp4\/producto\/be-convertidor-step-up-mt3608-4-28v-out-2amp-con-microusb\/","title":{"rendered":"Modulo Step Up Mt3608"},"content":{"rendered":"<p><span data-huuid=\"9994201622360820877\"><strong>Tipo de convertidor:<\/strong> <\/span><span data-huuid=\"9994201622360820228\">Step-Up o Boost.<span class=\"pjBG2e\" data-cid=\"4d82fae5-501b-4825-b2d1-2426ae95f68f\"><span class=\"UV3uM\">\u00a0<\/span><\/span><\/span><\/p>\n<div class=\"NPrrbc\" data-cid=\"4d82fae5-501b-4825-b2d1-2426ae95f68f\" data-uuids=\"9994201622360820877,9994201622360820228\">\n<div class=\"BMebGe btku5b fCrZyc LwdV0e FR7ZSc OJeuxf\" tabindex=\"0\" role=\"button\" aria-label=\"Ver v\u00ednculos relacionados\" data-hveid=\"CCkQAQ\" data-ved=\"2ahUKEwibstXY6_OMAxVKQjABHUP8Ce8Q3fYKegQIKRAB\"><\/div>\n<\/div>\n<p><span data-huuid=\"9994201622360818930\"><strong>Entrada:<\/strong> <\/span><span data-huuid=\"9994201622360818281\">Voltajes de entrada pueden ser tan bajos como 2V.<span class=\"pjBG2e\" data-cid=\"46e15022-0d8a-4905-a17d-01d1e3647846\"><span class=\"UV3uM\">\u00a0<\/span><\/span><\/span><\/p>\n<p><span data-huuid=\"9994201622360821079\"><strong>Salida:<\/strong> <\/span><span data-huuid=\"9994201622360820430\">Voltajes de salida pueden ser ajustables hasta 28V.<span class=\"pjBG2e\" data-cid=\"ebfd8bef-b99d-4c94-a2a8-70f5fea69a46\"><span class=\"UV3uM\">\u00a0<\/span><\/span><\/span><\/p>\n<p><span data-huuid=\"9994201622360819132\"><strong>Corriente de salida:<\/strong> <\/span><span data-huuid=\"9994201622360818483\">Soporta hasta 2A.<\/span><\/p>\n<div class=\"NPrrbc\" data-cid=\"6a8a2b7b-bd0e-44ee-b6db-df5628f0afb6\" data-uuids=\"9994201622360819132,9994201622360818483\">\n<div class=\"BMebGe btku5b fCrZyc LwdV0e FR7ZSc OJeuxf\" tabindex=\"0\" role=\"button\" aria-label=\"Ver v\u00ednculos relacionados\" data-hveid=\"CCYQAQ\" data-ved=\"2ahUKEwibstXY6_OMAxVKQjABHUP8Ce8Q3fYKegQIJhAB\"><\/div>\n<\/div>\n<p><span data-huuid=\"9994201622360821281\"><strong>Eficiencia:<\/strong> <\/span><span data-huuid=\"9994201622360820632\">Alta eficiencia de conversi\u00f3n, pudiendo alcanzar hasta el 93%.<span class=\"pjBG2e\" data-cid=\"a0c9d07a-0452-41e9-b626-006c223e1c0b\"><span class=\"UV3uM\">\u00a0<\/span><\/span><\/span><\/p>\n<div class=\"NPrrbc\" data-cid=\"a0c9d07a-0452-41e9-b626-006c223e1c0b\" data-uuids=\"9994201622360821281,9994201622360820632\">\n<div class=\"BMebGe btku5b fCrZyc LwdV0e FR7ZSc OJeuxf\" tabindex=\"0\" role=\"button\" aria-label=\"Ver v\u00ednculos relacionados\" data-hveid=\"CCEQAQ\" data-ved=\"2ahUKEwibstXY6_OMAxVKQjABHUP8Ce8Q3fYKegQIIRAB\"><\/div>\n<\/div>\n<p><span data-huuid=\"9994201622360819334\"><strong>Aplicaciones:<\/strong> <\/span><span data-huuid=\"9994201622360818685\">Ideal para proyectos electr\u00f3nicos, rob\u00f3tica, dispositivos port\u00e1tiles y sistemas de energ\u00eda renovable.<span class=\"pjBG2e\" data-cid=\"8659cafb-a7ed-4db5-a7ef-7b4d12ca4b6d\"><span class=\"UV3uM\">\u00a0<\/span><\/span><\/span><\/p>\n<div class=\"NPrrbc\" data-cid=\"8659cafb-a7ed-4db5-a7ef-7b4d12ca4b6d\" data-uuids=\"9994201622360819334,9994201622360818685\">\n<div class=\"BMebGe btku5b fCrZyc LwdV0e FR7ZSc OJeuxf\" tabindex=\"0\" role=\"button\" aria-label=\"Ver v\u00ednculos relacionados\" data-hveid=\"CB8QAQ\" data-ved=\"2ahUKEwibstXY6_OMAxVKQjABHUP8Ce8Q3fYKegQIHxAB\"><\/div>\n<\/div>\n<p><span data-huuid=\"9994201622360821483\"><strong>Regulaci\u00f3n:<\/strong> <\/span><span data-huuid=\"9994201622360820834\">Regulaci\u00f3n de voltaje precisa y sencilla, con la posibilidad de ajustar la salida mediante un potenci\u00f3metro.<span class=\"pjBG2e\" data-cid=\"072ed2a2-3e3a-42fd-a472-e11dffa1d44c\"><span class=\"UV3uM\">\u00a0<\/span><\/span><\/span><\/p>\n<div class=\"NPrrbc\" data-cid=\"072ed2a2-3e3a-42fd-a472-e11dffa1d44c\" data-uuids=\"9994201622360821483,9994201622360820834\">\n<div class=\"BMebGe btku5b fCrZyc LwdV0e FR7ZSc OJeuxf\" tabindex=\"0\" role=\"button\" aria-label=\"Ver v\u00ednculos relacionados\" data-hveid=\"CCoQAQ\" data-ved=\"2ahUKEwibstXY6_OMAxVKQjABHUP8Ce8Q3fYKegQIKhAB\"><\/div>\n<\/div>\n<p><span data-huuid=\"9994201622360819536\"><strong>Protecciones:<\/strong> <\/span><span data-huuid=\"9994201622360818887\">Generalmente incluye protecciones contra sobretemperatura y limitaci\u00f3n de corriente.<span class=\"pjBG2e\" data-cid=\"42a41d3d-34f7-49d4-b4c0-6faa3fcb079c\"><span class=\"UV3uM\">\u00a0<\/span><\/span><\/span><\/p>\n<div class=\"NPrrbc\" data-cid=\"42a41d3d-34f7-49d4-b4c0-6faa3fcb079c\" data-uuids=\"9994201622360819536,9994201622360818887\">\n<div class=\"BMebGe btku5b fCrZyc LwdV0e FR7ZSc OJeuxf\" tabindex=\"0\" role=\"button\" aria-label=\"Ver v\u00ednculos relacionados\" data-hveid=\"CCcQAQ\" data-ved=\"2ahUKEwibstXY6_OMAxVKQjABHUP8Ce8Q3fYKegQIJxAB\">\n<div class=\"niO4u\">\n<div class=\"kHtcsd\"><\/div>\n<\/div>\n<\/div>\n<\/div>\n","protected":false},"excerpt":{"rendered":"<p><span data-huuid=\"3461756812625126118\">El m\u00f3dulo MT3608 es un <mark class=\"QVRyCf\">convertidor DC-DC de tipo elevador<\/mark> (Step-Up o Boost). <\/span><span data-huuid=\"3461756812625125613\">Su funci\u00f3n principal es aumentar el voltaje de entrada de corriente continua a un voltaje de salida superior. <\/span><span data-huuid=\"3461756812625129204\">Es com\u00fanmente utilizado en proyectos electr\u00f3nicos que requieren una fuente de alimentaci\u00f3n con un voltaje m\u00e1s alto.<span class=\"pjBG2e\" data-cid=\"86c35088-d351-49a2-87fc-44860dbd2e84\"><span class=\"UV3uM\">\u00a0<\/span><\/span><\/span><\/p>\n<div class=\"NPrrbc\" data-cid=\"86c35088-d351-49a2-87fc-44860dbd2e84\" data-uuids=\"3461756812625126118,3461756812625125613,3461756812625129204\">\n<div class=\"BMebGe btku5b fCrZyc LwdV0e FR7ZSc OJeuxf\" tabindex=\"0\" role=\"button\" aria-label=\"Ver v\u00ednculos relacionados\" data-hveid=\"CAUQAQ\" data-ved=\"2ahUKEwibstXY6_OMAxVKQjABHUP8Ce8Q3fYKegQIBRAB\">\n<div class=\"niO4u\">\n<div class=\"kHtcsd\"><\/div>\n<\/div>\n<\/div>\n<\/div>\n","protected":false},"featured_media":2694,"template":"","meta":[],"product_brand":[],"product_cat":[22],"product_tag":[],"class_list":{"0":"post-1352","1":"product","2":"type-product","3":"status-publish","4":"has-post-thumbnail","6":"product_cat-elec_av","8":"first","9":"instock","10":"shipping-taxable","11":"purchasable","12":"product-type-variable"},"_links":{"self":[{"href":"https:\/\/imarensa.com\/wp4\/wp-json\/wp\/v2\/product\/1352","targetHints":{"allow":["GET"]}}],"collection":[{"href":"https:\/\/imarensa.com\/wp4\/wp-json\/wp\/v2\/product"}],"about":[{"href":"https:\/\/imarensa.com\/wp4\/wp-json\/wp\/v2\/types\/product"}],"wp:featuredmedia":[{"embeddable":true,"href":"https:\/\/imarensa.com\/wp4\/wp-json\/wp\/v2\/media\/2694"}],"wp:attachment":[{"href":"https:\/\/imarensa.com\/wp4\/wp-json\/wp\/v2\/media?parent=1352"}],"wp:term":[{"taxonomy":"product_brand","embeddable":true,"href":"https:\/\/imarensa.com\/wp4\/wp-json\/wp\/v2\/product_brand?post=1352"},{"taxonomy":"product_cat","embeddable":true,"href":"https:\/\/imarensa.com\/wp4\/wp-json\/wp\/v2\/product_cat?post=1352"},{"taxonomy":"product_tag","embeddable":true,"href":"https:\/\/imarensa.com\/wp4\/wp-json\/wp\/v2\/product_tag?post=1352"}],"curies":[{"name":"wp","href":"https:\/\/api.w.org\/{rel}","templated":true}]}}