{"id":1180,"date":"2024-07-04T07:22:53","date_gmt":"2024-07-04T12:22:53","guid":{"rendered":"https:\/\/imarensa.com\/wp4\/producto\/be-mq-7-sensor-glp-gas-licuado-monoxido-de-carbono\/"},"modified":"2024-08-06T12:42:59","modified_gmt":"2024-08-06T17:42:59","slug":"be-mq-7-sensor-glp-gas-licuado-monoxido-de-carbono","status":"publish","type":"product","link":"https:\/\/imarensa.com\/wp4\/producto\/be-mq-7-sensor-glp-gas-licuado-monoxido-de-carbono\/","title":{"rendered":"Mq-7 Sensor Glp Gas Licuado Monoxido De Carbono"},"content":{"rendered":"<p>MQ 7. Sensor monoxido de carbono<\/p>\n<p>Este m\u00f3dulo es utilizado para detectar f\u00e1cilmente mon\u00f3xido de carbono y gases producidos por carb\u00f3n, util para lugares que laboran con este tipo de gases.<br \/>\nSe alimenta de 5VCD, compatible con Arduino y PIC<\/p>\n<p>Caracter\u00edsticas:<br \/>\nCon instrucciones de salida de se\u00f1al<br \/>\nse\u00f1al de salida TTL de bajo nivel<br \/>\nSalida anal\u00f3gica de tensi\u00f3n 0 ~ 5 v, entre mayor es la concentraci\u00f3n, mayor ser\u00e1 el voltaje<br \/>\nRango de detecci\u00f3n de CO: 10-1000ppm<br \/>\nEspecificaciones:<br \/>\nTama\u00f1o: 32 x 20 x 22mm<br \/>\nVoltaje de funcionamiento: 5V DC<br \/>\nConexiones:<br \/>\nDO: salida de se\u00f1al n\u00famero TTL 0 y 1 (0,1 y 5 V)<br \/>\nAO: Salida de se\u00f1al anal\u00f3gica 0.1-0.3V, la concentraci\u00f3n m\u00e1s alta es de alrededor de 4V<\/p>\n","protected":false},"excerpt":{"rendered":"<p>MQ 7. Sensor monoxido de carbono Este m\u00f3dulo es utilizado para detectar f\u00e1cilmente mon\u00f3xido de carbono y gases producidos por carb\u00f3n, util para lugares que laboran con este tipo de gases. Se alimenta de 5VCD, compatible con Arduino y PIC Caracter\u00edsticas: Con instrucciones de salida de se\u00f1al se\u00f1al de salida TTL de bajo nivel Salida [&hellip;]<\/p>\n","protected":false},"featured_media":873,"template":"","meta":[],"product_brand":[],"product_cat":[22],"product_tag":[],"class_list":{"0":"post-1180","1":"product","2":"type-product","3":"status-publish","4":"has-post-thumbnail","6":"product_cat-elec_av","8":"first","9":"instock","10":"shipping-taxable","11":"purchasable","12":"product-type-simple"},"_links":{"self":[{"href":"https:\/\/imarensa.com\/wp4\/wp-json\/wp\/v2\/product\/1180","targetHints":{"allow":["GET"]}}],"collection":[{"href":"https:\/\/imarensa.com\/wp4\/wp-json\/wp\/v2\/product"}],"about":[{"href":"https:\/\/imarensa.com\/wp4\/wp-json\/wp\/v2\/types\/product"}],"wp:featuredmedia":[{"embeddable":true,"href":"https:\/\/imarensa.com\/wp4\/wp-json\/wp\/v2\/media\/873"}],"wp:attachment":[{"href":"https:\/\/imarensa.com\/wp4\/wp-json\/wp\/v2\/media?parent=1180"}],"wp:term":[{"taxonomy":"product_brand","embeddable":true,"href":"https:\/\/imarensa.com\/wp4\/wp-json\/wp\/v2\/product_brand?post=1180"},{"taxonomy":"product_cat","embeddable":true,"href":"https:\/\/imarensa.com\/wp4\/wp-json\/wp\/v2\/product_cat?post=1180"},{"taxonomy":"product_tag","embeddable":true,"href":"https:\/\/imarensa.com\/wp4\/wp-json\/wp\/v2\/product_tag?post=1180"}],"curies":[{"name":"wp","href":"https:\/\/api.w.org\/{rel}","templated":true}]}}